{"id":187,"date":"2015-06-25T09:52:28","date_gmt":"2015-06-25T09:52:28","guid":{"rendered":"http:\/\/transparencia.aytosotodelreal.es\/?page_id=187"},"modified":"2023-05-10T09:20:42","modified_gmt":"2023-05-10T09:20:42","slug":"08-acceso-a-la-informacion-publica","status":"publish","type":"page","link":"https:\/\/transparencia.aytosotodelreal.es\/?page_id=187","title":{"rendered":"Acceso a la Informaci\u00f3n P\u00fablica"},"content":{"rendered":"<p><div class=\"fusion-fullwidth fullwidth-box fusion-builder-row-1 fusion-parallax-none hundred-percent-fullwidth non-hundred-percent-height-scrolling\" style=\"background-color: rgba(244,67,54,0);background-image: url(&quot;http:\/\/transparencia.aytosotodelreal.es\/wp-content\/uploads\/2021\/02\/infografia_que_es.png&quot;);background-position: center top;background-repeat: no-repeat;padding-top:50px;padding-right:0px;padding-bottom:50px;padding-left:0px;margin-bottom: 0px;margin-top: 0px;border-width: 0px 0px 0px 0px;border-color:#eae9e9;border-style:solid;-webkit-background-size:cover;-moz-background-size:cover;-o-background-size:cover;background-size:cover;\" ><div class=\"fusion-builder-row fusion-row\"><div class=\"fusion-layout-column fusion_builder_column fusion-builder-column-0 fusion_builder_column_1_1 1_1 fusion-one-full fusion-column-first fusion-column-last fusion-column-no-min-height\" style=\"margin-top:0px;margin-bottom:0px;\"><div class=\"fusion-column-wrapper fusion-flex-column-wrapper-legacy\" style=\"background-position:left top;background-repeat:no-repeat;-webkit-background-size:cover;-moz-background-size:cover;-o-background-size:cover;background-size:cover;padding: 0px 0px 0px 0px;\"><div class=\"fusion-text fusion-text-1\"><h1 style=\"text-align: center;\"><span style=\"color: #000000;\">\u00a0<\/span><\/h1>\n<h1 style=\"text-align: center;\"><span style=\"color: #bdbdbd;\">\u00a0<\/span><\/h1>\n<\/div><div class=\"fusion-clearfix\"><\/div><\/div><\/div><\/div><\/div><div class=\"fusion-fullwidth fullwidth-box fusion-builder-row-2 hundred-percent-fullwidth non-hundred-percent-height-scrolling\" style=\"background-color: rgba(255,255,255,0);background-position: center center;background-repeat: no-repeat;padding-top:0px;padding-right:0px;padding-bottom:0px;padding-left:0px;margin-bottom: 0px;margin-top: 0px;border-width: 0px 0px 0px 0px;border-color:#eae9e9;border-style:solid;\" ><div class=\"fusion-builder-row fusion-row\"><div class=\"fusion-layout-column fusion_builder_column fusion-builder-column-1 fusion_builder_column_1_1 1_1 fusion-one-full fusion-column-first fusion-column-last fusion-column-no-min-height\" style=\"margin-top:0px;margin-bottom:0px;\"><div class=\"fusion-column-wrapper fusion-flex-column-wrapper-legacy\" style=\"background-position:left top;background-repeat:no-repeat;-webkit-background-size:cover;-moz-background-size:cover;-o-background-size:cover;background-size:cover;padding: 0px 0px 0px 0px;\"><style type=\"text\/css\">.fusion-accordian  #accordion-187-1 .panel-title a .fa-fusion-box{ color: #ffffff;}.fusion-accordian  #accordion-187-1 .panel-title a .fa-fusion-box:before{ font-size: 16px; width: 16px;}.fusion-accordian  #accordion-187-1 .panel-title a{font-size:13px;}.fusion-accordian  #accordion-187-1 .fa-fusion-box { background-color: #333333;border-color: #333333;}.fusion-accordian  #accordion-187-1 .panel-title a:hover, #accordion-187-1 .fusion-toggle-boxed-mode:hover .panel-title a { color: #65bc7b;}.fusion-accordian  #accordion-187-1 .panel-title .active .fa-fusion-box,.fusion-accordian  #accordion-187-1 .panel-title a:hover .fa-fusion-box { background-color: #65bc7b!important;border-color: #65bc7b!important;}<\/style><div class=\"accordian fusion-accordian\"><div class=\"panel-group\" id=\"accordion-187-1\"><div class=\"fusion-panel panel-default\"><div class=\"panel-heading\"><h4 class=\"panel-title toggle\"><a aria-expanded=\"false\" aria-controls=\"415ed4302dc564c2f\" role=\"button\" data-toggle=\"collapse\" data-parent=\"#accordion-187-1\" data-target=\"#415ed4302dc564c2f\" href=\"#415ed4302dc564c2f\"><span class=\"fusion-toggle-icon-wrapper\" aria-hidden=\"true\"><i class=\"fa-fusion-box\" aria-hidden=\"true\"><\/i><\/span><span class=\"fusion-toggle-heading\">Solicitud de acceso a la informaci\u00f3n p\u00fablica<\/span><\/a><\/h4><\/div><div id=\"415ed4302dc564c2f\" class=\"panel-collapse collapse \"><div class=\"panel-body toggle-content fusion-clearfix\">\n<p><span style=\"color: #000000;\"><strong><em>\u00bfQu\u00e9 se considera \u201cinformaci\u00f3n p\u00fablica\u201d?<\/em><\/strong><\/span><\/p>\n<p><span style=\"color: #000000;\">Son todos aquellos contenidos o documentos, cualquiera que sea su formato o soporte, que obren en poder de las Administraciones P\u00fablicas y que hayan sido elaborados o adquiridos en el ejercicio de sus funciones.<\/span><\/p>\n<p><span style=\"color: #000000;\">En este portal puede acceder a la informaci\u00f3n m\u00e1s relevante relacionada con el Ayuntamiento de Soto del Real. Se recomienda que, antes de iniciar cualquier proceso de solicitud de informaci\u00f3n p\u00fablica, compruebe si aquella que le interesa est\u00e1 ya publicada en la web municipal.<\/span><\/p>\n<p><span style=\"color: #000000;\"><strong><em>\u00bfQu\u00ed\u00e9n puede solicitar el acceso a la \u201cinformaci\u00f3n p\u00fablica\u201d?<\/em><\/strong><\/span><\/p>\n<p><span style=\"color: #000000;\">Cualquier persona f\u00edsica o jur\u00eddica, o sus representantes, puede solicitar el acceso a la informaci\u00f3n p\u00fablica, en cumplimiento de su derecho de acceso a la informaci\u00f3n p\u00fablica recogido en Ley 19\/2013, de 9 de diciembre, de transparencia, acceso a la informaci\u00f3n p\u00fablica y buen gobierno.<\/span><\/p>\n<p><span style=\"color: #000000;\">S\u00f3lo podr\u00e1 ser limitado el acceso a aquella informaci\u00f3n p\u00fablica que contenga datos especialmente protegidos, seg\u00fan la Ley  Org\u00e1nica 15\/1999, de 13 de diciembre, de Protecci\u00f3n de datos de Car\u00e1cter Personal; o cuando acceder a dicha informaci\u00f3n suponga conculcar los l\u00edmites al derecho de acceso por posible perjuicio a terceros (art\u00edculo 14, punto 1, de la Ley 19\/2013 de 9 de diciembre, de Transparencia).<\/span><\/p>\n<p><span style=\"color: #000000;\"><strong><em>\u00bfC\u00f3mo se puede iniciar una solicitud de \u201cinformaci\u00f3n p\u00fablica\u201d?<\/em><\/strong><\/span><\/p>\n<p><span style=\"color: #000000;\">El procedimiento para el ejercicio del derecho de acceso se iniciar\u00e1 con la presentaci\u00f3n de la solicitud normalizada, que deber\u00e1 dirigirse a la Concejal\u00eda de Transparencia.<\/span><\/p>\n<p><span style=\"color: #000000;\"><strong>Acceda aqu\u00ed al modelo normalizado de solicitud de acceso a la informaci\u00f3n p\u00fablica.<\/strong><\/span><\/p>\n<p><span style=\"color: #000000;\">Recuerde que:<\/span><\/p>\n<ul>\n<li><span style=\"color: #000000;\">Los datos relativos a la identificaci\u00f3n (<strong>n\u00famero de identificaci\u00f3n, nombre, apellido y domicilio)<\/strong>ser\u00e1n de cumplimentaci\u00f3n obligatoria para tramitar la solicitud seg\u00fan el procedimiento de acceso a la informaci\u00f3n p\u00fablica establecido en la <span style=\"color: #0000ff;\"><a style=\"color: #0000ff;\" href=\"https:\/\/www.boe.es\/buscar\/act.php?id=BOE-A-2013-12887\" target=\"_blank\" rel=\"noopener noreferrer\"> <strong>Ley 19\/2013<\/strong><\/a><\/span>, de 9 de diciembre, de transparencia, acceso a la informaci\u00f3n p\u00fablica y buen gobierno.<\/span><\/li>\n<li><span style=\"color: #000000;\">Si no desea facilitar estos datos, deber\u00e1 indicar en todo caso un correo electr\u00f3nico. Si solo se hace constar este \u00faltimo dato y la solicitud se refiere a informaci\u00f3n que pudiera estar afectada por alguno de los l\u00edmites o causas de inadmisi\u00f3n de los art\u00edculos 14, 15 y 18 de la Ley citada, se le requerir\u00e1n los datos de identidad para poder tramitar el procedimiento de acceso.<\/span><\/li>\n<li><span style=\"color: #000000;\">Si desea solicitar informaci\u00f3n de diferentes materias utilice una solicitud por materia para facilitar la remisi\u00f3n de la solicitud a la unidad competente para su respuesta.<\/span><\/li>\n<\/ul>\n<p><span style=\"color: #000000;\"><strong><em>\u00bfD\u00f3nde presento la solicitud<\/em><\/strong><strong>?<\/strong><\/span><\/p>\n<p><span style=\"color: #000000;\">La presentaci\u00f3n y registro se puede realizar por tres v\u00edas:<\/span><\/p>\n<ul>\n<li><span style=\"color: #000000;\">De manera presencial, en el Registro del Ayuntamiento: Solicite cita previa (poner el enlace al SAC) o mediante las formas establecidas en el art\u00edculo 16.4 de la <strong><a href=\"https:\/\/www.boe.es\/buscar\/act.php?id=BOE-A-2015-10565\" target=\"_blank\" rel=\"noopener noreferrer\"><span style=\"color: #0000ff;\">Ley 39\/2015<\/span><\/a><\/strong>, de 1 de octubre, del Procedimiento Administrativo Com\u00fan de las Administraciones P\u00fablicas.<\/span><\/li>\n<li><span style=\"color: #000000;\">Por correo postal, dirigido al Registro General del Ayuntamiento (poner direcci\u00f3n postal)<\/span><\/li>\n<li><span style=\"color: #000000;\">En la sede electr\u00f3nica (<strong><span style=\"color: #0000ff;\"><a style=\"color: #0000ff;\" href=\"https:\/\/sede.aytosotodelreal.es\/GDCarpetaCiudadano\/welcome.do\" target=\"_blank\" rel=\"noopener noreferrer\">inicie el tr\u00e1mite<\/a><\/span><\/strong>)<\/span><\/li>\n<\/ul>\n<p><span style=\"color: #000000;\"><strong><em>Plazo de resoluci\u00f3n y sentido del silencio<\/em><\/strong><\/span><\/p>\n<p><span style=\"color: #000000;\">El Ayuntamiento dictar\u00e1 resoluci\u00f3n, respecto de la solicitud de acceso a la informaci\u00f3n p\u00fablica, en un plazo m\u00e1ximo de veinte d\u00edas, desde su recepci\u00f3n.<\/span><\/p>\n<p><span style=\"color: #000000;\">Cuando el volumen o la complejidad de la informaci\u00f3n solicitada lo justifique, el plazo de podr\u00e1 ampliar por otros veinte d\u00edas m\u00e1s, informando de esta circunstancia al solicitante.<\/span><\/p>\n<p><span style=\"color: #000000;\">Las resoluciones por las que se inadmitan a tr\u00e1mite las solicitudes se adoptar\u00e1n y notificar\u00e1n lo antes posible, y en todo caso, en el plazo m\u00e1ximo de cinco d\u00edas h\u00e1biles desde su recepci\u00f3n por el \u00f3rgano competente para resolver. <\/span><\/p>\n<p><span style=\"color: #000000;\">Las resoluciones que denieguen el acceso de forma total o parcial y las que permitan el acceso cuando haya habido oposici\u00f3n de un tercero, ser\u00e1n debidamente motivadas.<\/span><\/p>\n<p><span style=\"color: #000000;\">Transcurrido el plazo m\u00e1ximo para resolver sin que se haya dictado y notificador la resoluci\u00f3n, se entender\u00e1 que la solicitud ha sido desestimada.<\/span><\/p>\n<p><span style=\"color: #000000;\"><strong><em>Reclamaci\u00f3n y recursos contra la desestimaci\u00f3n del acceso a la informaci\u00f3n<\/em><\/strong><\/span><\/p>\n<p><span style=\"color: #000000;\">Contra la resoluci\u00f3n desestimatoria, total o parcial de la solicitud de acceso a la informaci\u00f3n dictada los interesados podr\u00e1n interponerse reclamaci\u00f3n ante el Consejo de Transparencia y Participaci\u00f3n, con car\u00e1cter potestativos y previo a su impugnaci\u00f3n en v\u00eda contencioso-administrativa.<\/span><\/p>\n<p><span style=\"color: #000000;\">El procedimiento para presentar una reclamaci\u00f3n ante el Consejo de Transparencia y Buen Gobierno puede consultarse en la p\u00e1gina<span style=\"color: #0000ff;\"> <strong><a style=\"color: #0000ff;\" href=\"http:\/\/www.consejodetransparencia.es\" target=\"_blank\" rel=\"noopener noreferrer\">www.consejodetransparencia.es<\/a>.<\/strong><\/span><\/span><\/p>\n<p><span style=\"color: #000000;\">De acuerdo con lo establecido en la legislaci\u00f3n b\u00e1sica estatal, dicha reclamaci\u00f3n tiene la consideraci\u00f3n de sustitutiva de los recursos administrativos de conformidad con lo dispuesto en el art\u00edculo 112.2 de la Ley 39\/2015, de 1 de octubre, del Procedimiento Administrativo Com\u00fan de las Administraciones P\u00fablicas.<\/span><\/p>\n<\/div><\/div><\/div><div class=\"fusion-panel panel-default\"><div class=\"panel-heading\"><h4 class=\"panel-title toggle\"><a aria-expanded=\"false\" aria-controls=\"a3103133abef629f5\" role=\"button\" data-toggle=\"collapse\" data-parent=\"#accordion-187-1\" data-target=\"#a3103133abef629f5\" href=\"#a3103133abef629f5\"><span class=\"fusion-toggle-icon-wrapper\" aria-hidden=\"true\"><i class=\"fa-fusion-box\" aria-hidden=\"true\"><\/i><\/span><span class=\"fusion-toggle-heading\">Buz\u00f3n de Iniciativas, Quejas y Sugerencias<\/span><\/a><\/h4><\/div><div id=\"a3103133abef629f5\" class=\"panel-collapse collapse \"><div class=\"panel-body toggle-content fusion-clearfix\">\n\n<p><a href=\"https:\/\/sede.aytosotodelreal.es\/GDCarpetaCiudadano\/Registrar.do?action=comenzar&amp;tipoReg=8\"><strong>Inicie el tr\u00e1mite<\/strong><\/a><\/p>\n<\/div><\/div><\/div><\/div><\/div><div class=\"fusion-clearfix\"><\/div><\/div><\/div><\/div><style type=\"text\/css\">.fusion-fullwidth.fusion-builder-row-2 { overflow:visible; }<\/style><\/div><\/p>\n","protected":false},"excerpt":{"rendered":"","protected":false},"author":8,"featured_media":0,"parent":0,"menu_order":0,"comment_status":"closed","ping_status":"closed","template":"","meta":{"footnotes":""},"class_list":["post-187","page","type-page","status-publish","hentry"],"_links":{"self":[{"href":"https:\/\/transparencia.aytosotodelreal.es\/index.php?rest_route=\/wp\/v2\/pages\/187","targetHints":{"allow":["GET"]}}],"collection":[{"href":"https:\/\/transparencia.aytosotodelreal.es\/index.php?rest_route=\/wp\/v2\/pages"}],"about":[{"href":"https:\/\/transparencia.aytosotodelreal.es\/index.php?rest_route=\/wp\/v2\/types\/page"}],"author":[{"embeddable":true,"href":"https:\/\/transparencia.aytosotodelreal.es\/index.php?rest_route=\/wp\/v2\/users\/8"}],"replies":[{"embeddable":true,"href":"https:\/\/transparencia.aytosotodelreal.es\/index.php?rest_route=%2Fwp%2Fv2%2Fcomments&post=187"}],"version-history":[{"count":19,"href":"https:\/\/transparencia.aytosotodelreal.es\/index.php?rest_route=\/wp\/v2\/pages\/187\/revisions"}],"predecessor-version":[{"id":779,"href":"https:\/\/transparencia.aytosotodelreal.es\/index.php?rest_route=\/wp\/v2\/pages\/187\/revisions\/779"}],"wp:attachment":[{"href":"https:\/\/transparencia.aytosotodelreal.es\/index.php?rest_route=%2Fwp%2Fv2%2Fmedia&parent=187"}],"curies":[{"name":"wp","href":"https:\/\/api.w.org\/{rel}","templated":true}]}}