{"id":199,"date":"2015-06-25T09:56:01","date_gmt":"2015-06-25T09:56:01","guid":{"rendered":"http:\/\/transparencia.aytosotodelreal.es\/?page_id=199"},"modified":"2023-01-11T09:22:40","modified_gmt":"2023-01-11T09:22:40","slug":"reglamento-de-participacion-ciudadana","status":"publish","type":"page","link":"https:\/\/transparencia.aytosotodelreal.es\/?page_id=199","title":{"rendered":"Reglamento"},"content":{"rendered":"<p><div class=\"fusion-fullwidth fullwidth-box fusion-builder-row-1 fusion-parallax-none hundred-percent-fullwidth non-hundred-percent-height-scrolling\" style=\"background-color: rgba(255,255,255,0);background-image: url(&quot;http:\/\/transparencia.aytosotodelreal.es\/wp-content\/uploads\/2015\/06\/tg_carrusel_cabecera_pequena-300x143.jpg&quot;);background-position: center center;background-repeat: no-repeat;padding-top:50px;padding-right:0px;padding-bottom:50px;padding-left:0px;margin-bottom: 0px;margin-top: 0px;border-width: 0px 0px 0px 0px;border-color:#eae9e9;border-style:solid;-webkit-background-size:cover;-moz-background-size:cover;-o-background-size:cover;background-size:cover;\" ><div class=\"fusion-builder-row fusion-row\"><div class=\"fusion-layout-column fusion_builder_column fusion-builder-column-0 fusion_builder_column_1_1 1_1 fusion-one-full fusion-column-first fusion-column-last fusion-column-no-min-height\" style=\"margin-top:0px;margin-bottom:0px;\"><div class=\"fusion-column-wrapper fusion-flex-column-wrapper-legacy\" style=\"background-position:left top;background-repeat:no-repeat;-webkit-background-size:cover;-moz-background-size:cover;-o-background-size:cover;background-size:cover;padding: 0px 0px 0px 0px;\"><div class=\"fusion-text fusion-text-1\"><h1 style=\"text-align: center; --fontSize: 54; line-height: 1.16;\" data-fontsize=\"54\" data-lineheight=\"62.6333px\" class=\"fusion-responsive-typography-calculated\"><span style=\"color: #bdbdbd;\"><b><span style=\"color: rgb(0, 0, 0);\">Reglamento<\/span><\/b><br \/><span style=\"color: rgb(0, 0, 0);\"><br \/>\n<\/span><\/span><\/h1>\n<\/div><div class=\"fusion-clearfix\"><\/div><\/div><\/div><\/div><\/div><div class=\"fusion-fullwidth fullwidth-box fusion-builder-row-2 hundred-percent-fullwidth non-hundred-percent-height-scrolling\" style=\"background-color: rgba(255,255,255,0);background-position: center center;background-repeat: no-repeat;padding-top:0px;padding-right:0px;padding-bottom:0px;padding-left:0px;margin-bottom: 0px;margin-top: 0px;border-width: 0px 0px 0px 0px;border-color:#eae9e9;border-style:solid;\" ><div class=\"fusion-builder-row fusion-row\"><div class=\"fusion-layout-column fusion_builder_column fusion-builder-column-1 fusion_builder_column_1_1 1_1 fusion-one-full fusion-column-first fusion-column-last fusion-column-no-min-height\" style=\"margin-top:0px;margin-bottom:0px;\"><div class=\"fusion-column-wrapper fusion-flex-column-wrapper-legacy\" style=\"background-position:left top;background-repeat:no-repeat;-webkit-background-size:cover;-moz-background-size:cover;-o-background-size:cover;background-size:cover;padding: 0px 0px 0px 0px;\"><div class=\"fusion-text fusion-text-2\"><\/div><div class=\"fusion-text fusion-text-3\"><div class=\"feature-content\">\n<p><strong>El objetivo del Reglamento de Participaci\u00f3n es regular las formas, medios y procedimientos de participaci\u00f3n de los vecinos y vecinas de Soto del Real en la gesti\u00f3n municipal, tanto individualmente como a trav\u00e9s de entidades ciudadanas o colectivos. La motivaci\u00f3n de este reglamento es el reconocimiento de una obligaci\u00f3n por parte del Ayuntamiento de crear cauces de participaci\u00f3n a la ciudadan\u00eda.<\/strong><\/p>\n<p><strong>El \u00e1mbito de aplicaci\u00f3n de esta normativa incluye a todo el vecindario del municipio y a las entidades ciudadanas y colectivos con presencia en el T\u00e9rmino Municipal de Soto del Real.<\/strong><\/p>\n<p><strong>Consulta aqu\u00ed el <em><a href=\"https:\/\/www.ayto-sotodelreal.es\/wp-content\/uploads\/2016\/04\/Reglamento_Participacion_Ciudadana_2017_VF.pdf\" target=\"_blank\" rel=\"noopener\">Reglamento Participaci\u00f3n Ciudadana<\/a><\/em><\/strong><\/p>\n<\/div>\n<\/div><div class=\"fusion-clearfix\"><\/div><\/div><\/div><\/div><style type=\"text\/css\">.fusion-fullwidth.fusion-builder-row-2 { overflow:visible; }<\/style><\/div><\/p>\n","protected":false},"excerpt":{"rendered":"","protected":false},"author":8,"featured_media":0,"parent":19,"menu_order":0,"comment_status":"open","ping_status":"closed","template":"","meta":{"footnotes":""},"class_list":["post-199","page","type-page","status-publish","hentry"],"_links":{"self":[{"href":"https:\/\/transparencia.aytosotodelreal.es\/index.php?rest_route=\/wp\/v2\/pages\/199","targetHints":{"allow":["GET"]}}],"collection":[{"href":"https:\/\/transparencia.aytosotodelreal.es\/index.php?rest_route=\/wp\/v2\/pages"}],"about":[{"href":"https:\/\/transparencia.aytosotodelreal.es\/index.php?rest_route=\/wp\/v2\/types\/page"}],"author":[{"embeddable":true,"href":"https:\/\/transparencia.aytosotodelreal.es\/index.php?rest_route=\/wp\/v2\/users\/8"}],"replies":[{"embeddable":true,"href":"https:\/\/transparencia.aytosotodelreal.es\/index.php?rest_route=%2Fwp%2Fv2%2Fcomments&post=199"}],"version-history":[{"count":9,"href":"https:\/\/transparencia.aytosotodelreal.es\/index.php?rest_route=\/wp\/v2\/pages\/199\/revisions"}],"predecessor-version":[{"id":730,"href":"https:\/\/transparencia.aytosotodelreal.es\/index.php?rest_route=\/wp\/v2\/pages\/199\/revisions\/730"}],"up":[{"embeddable":true,"href":"https:\/\/transparencia.aytosotodelreal.es\/index.php?rest_route=\/wp\/v2\/pages\/19"}],"wp:attachment":[{"href":"https:\/\/transparencia.aytosotodelreal.es\/index.php?rest_route=%2Fwp%2Fv2%2Fmedia&parent=199"}],"curies":[{"name":"wp","href":"https:\/\/api.w.org\/{rel}","templated":true}]}}